{"id":13828,"date":"2024-05-06T06:11:59","date_gmt":"2024-05-06T04:11:59","guid":{"rendered":"https:\/\/barhalevy.com\/cuestionario-para-escoger-un-tipo-de-cuidado\/"},"modified":"2026-01-19T17:00:21","modified_gmt":"2026-01-19T15:00:21","slug":"cuestionario-para-escoger-un-tipo-de-cuidado","status":"publish","type":"page","link":"https:\/\/barhalevy.com\/es\/cuestionario-para-escoger-un-tipo-de-cuidado\/","title":{"rendered":"Cuestionario Quiropr\u00e1ctico | Tipos de Cuidado"},"content":{"rendered":"\t\t<div data-elementor-type=\"wp-page\" data-elementor-id=\"13828\" class=\"elementor elementor-13828 elementor-10774\" data-elementor-post-type=\"page\">\n\t\t\t\t<div class=\"elementor-element elementor-element-a8d018c e-flex e-con-boxed e-con e-parent\" data-id=\"a8d018c\" data-element_type=\"container\" data-e-type=\"container\" data-settings=\"{&quot;background_background&quot;:&quot;classic&quot;}\">\n\t\t\t\t\t<div class=\"e-con-inner\">\n\t\t\t\t<div class=\"elementor-element elementor-element-ad5965e elementor-widget elementor-widget-heading\" data-id=\"ad5965e\" data-element_type=\"widget\" data-e-type=\"widget\" data-widget_type=\"heading.default\">\n\t\t\t\t\t<h1 class=\"elementor-heading-title elementor-size-default\">Escoge tu Tipo de Cuidado Quiropr\u00e1ctico<\/h1>\t\t\t\t<\/div>\n\t\t\t\t\t<\/div>\n\t\t\t\t<\/div>\n\t\t<div class=\"elementor-element elementor-element-4b4eb3f e-flex e-con-boxed e-con e-parent\" data-id=\"4b4eb3f\" data-element_type=\"container\" data-e-type=\"container\">\n\t\t\t\t\t<div class=\"e-con-inner\">\n\t\t\t\t<div class=\"elementor-element elementor-element-e702a4c elementor-widget elementor-widget-text-editor\" data-id=\"e702a4c\" data-element_type=\"widget\" data-e-type=\"widget\" data-widget_type=\"text-editor.default\">\n\t\t\t\t\t\t\t\t\t<p style=\"text-align: center;\">Suma los puntos de tus respuestas a las preguntas a continuaci\u00f3n para ayudarnos a elegir cu\u00e1l es el tipo de cuidado m\u00e1s recomendado para ti:<\/p><p style=\"text-align: center;\"><span style=\"text-decoration: underline;\"><strong>Esencial<\/strong><\/span>: Total de <span style=\"text-decoration: underline;\"><strong>11-20 puntos<\/strong><\/span><br><span style=\"text-decoration: underline;\"><strong>Equilibrio<\/strong><\/span>: Total de <span style=\"text-decoration: underline;\"><strong>19-28 puntos<\/strong><\/span><br><span style=\"text-decoration: underline;\"><strong>Completo<\/strong><\/span>: Total de <span style=\"text-decoration: underline;\"><strong>27-33 puntos<\/strong><\/span><\/p>\t\t\t\t\t\t\t\t<\/div>\n\t\t\t\t<div class=\"elementor-element elementor-element-7221419 elementor-align-center elementor-widget elementor-widget-button\" data-id=\"7221419\" data-element_type=\"widget\" data-e-type=\"widget\" data-widget_type=\"button.default\">\n\t\t\t\t\t\t\t\t\t\t<a class=\"elementor-button elementor-button-link elementor-size-sm\" href=\"https:\/\/barhalevy.com\/es\/que-esperar\/#toc\">\n\t\t\t\t\t\t<span class=\"elementor-button-content-wrapper\">\n\t\t\t\t\t\t\t\t\t<span class=\"elementor-button-text\">De vuelta con los tipos de cuidado<\/span>\n\t\t\t\t\t<\/span>\n\t\t\t\t\t<\/a>\n\t\t\t\t\t\t\t\t<\/div>\n\t\t\t\t<div class=\"elementor-element elementor-element-f6dc1d6 elementor-widget elementor-widget-text-editor\" data-id=\"f6dc1d6\" data-element_type=\"widget\" data-e-type=\"widget\" data-widget_type=\"text-editor.default\">\n\t\t\t\t\t\t\t\t\t<ol><li>\u00bfCu\u00e1nto tiempo llevas padeciendo de problemas de salud?<ul><li>0-6 meses (1 punto)<\/li><li>6-18 meses (2 puntos)<\/li><li>M\u00e1s de 18 meses (3 puntos)<\/li><\/ul><\/li><li>\u00bfCu\u00e1ntos problemas\/condiciones\/trastornos de salud experimentas?<ul><li>1 (1 punto)<\/li><li>1-3 (2 puntos)<\/li><li>M\u00e1s de 3 (3 puntos)<\/li><\/ul><\/li><li>Tu objetivo del cuidado conmigo es<ul><li>Eliminar mi dolor (1 punto)<\/li><li>Mejorar mi funci\u00f3n (2 puntos)<\/li><li>Optimizar mi salud al m\u00e1ximo de mi capacidad (3 puntos)<\/li><\/ul><\/li><li>\u00bfQu\u00e9 tan importante es tu salud para ti?<ul><li>No muy importante (1 punto)<\/li><li>Algo importante (2 puntos)<\/li><li>Muy importante (3 puntos)<\/li><\/ul><\/li><li>\u00bfEst\u00e1s comprometido\/dispuesto a hacer cambios en tu estilo de vida para mejorar tu salud en general?<ul><li>No realmente (1 punto)<\/li><li>Estoy dispuesto a hacer algunos cambios (2 puntos)<\/li><li>S\u00ed, estoy completamente dispuesto a cambiar mis h\u00e1bitos (3 puntos)<\/li><\/ul><\/li><li>\u00bfC\u00f3mo describir\u00edas la complejidad de tus problemas de salud?<ul><li>Leve (1 punto)<\/li><li>Moderada (2 puntos)<\/li><li>Severa (3 puntos)<\/li><\/ul><\/li><li>\u00bfHasta qu\u00e9 punto te interesa explorar t\u00e9cnicas terap\u00e9uticas adicionales m\u00e1s all\u00e1 de los ajustes quiropr\u00e1cticos tradicionales?<ul><li>No me interesa (1 punto)<\/li><li>Estoy algo interesado (2 puntos)<\/li><li>Estoy muy interesado (3 puntos)<\/li><\/ul><\/li><li>\u00bfExperimentas molestias o problemas m\u00e1s all\u00e1 de la columna y la pelvis, como en las extremidades o la mand\u00edbula?<ul><li>No (1 punto)<\/li><li>Ocasionalmente (2 puntos)<\/li><li>S\u00ed, a menudo (3 puntos)<\/li><\/ul><\/li><li>\u00bfHas buscado previamente tratamientos quiropr\u00e1cticos u otros tratamientos de atenci\u00f3n m\u00e9dica alternativa?<ul><li>No (1 punto)<\/li><li>S\u00ed, ocasionalmente (2 puntos)<\/li><li>S\u00ed, regularmente (3 puntos)<\/li><\/ul><\/li><li>\u00bfEst\u00e1s buscando un enfoque integral que considere no solo la salud estructural, sino tambi\u00e9n factores emocionales y bioqu\u00edmicos?<ul><li>No, prefiero un enfoque \u00fanicamente en la salud f\u00edsica (1 punto)<\/li><li>Algo, estoy abierto a considerar otros factores (2 puntos)<\/li><li>S\u00ed, estoy interesado en un enfoque hol\u00edstico (3 puntos)<\/li><\/ul><\/li><li>\u00bfEst\u00e1s experimentando actualmente alg\u00fan factor de estr\u00e9s emocional o psicol\u00f3gico?<ul><li>No (1 punto)<\/li><li>Ocasionalmente (2 puntos)<\/li><li>S\u00ed, a menudo (3 puntos)<\/li><\/ul><\/li><\/ol>\t\t\t\t\t\t\t\t<\/div>\n\t\t\t\t<div class=\"elementor-element elementor-element-e4877c3 elementor-align-center elementor-widget elementor-widget-button\" data-id=\"e4877c3\" data-element_type=\"widget\" data-e-type=\"widget\" data-widget_type=\"button.default\">\n\t\t\t\t\t\t\t\t\t\t<a class=\"elementor-button elementor-button-link elementor-size-sm\" href=\"https:\/\/barhalevy.com\/es\/que-esperar\/#toc\">\n\t\t\t\t\t\t<span class=\"elementor-button-content-wrapper\">\n\t\t\t\t\t\t\t\t\t<span class=\"elementor-button-text\">De vuelta con los tipos de cuidado<\/span>\n\t\t\t\t\t<\/span>\n\t\t\t\t\t<\/a>\n\t\t\t\t\t\t\t\t<\/div>\n\t\t\t\t\t<\/div>\n\t\t\t\t<\/div>\n\t\t\t\t<\/div>\n\t\t","protected":false},"excerpt":{"rendered":"<p>Completa el cuestionario quiropr\u00e1ctico para escoger el tipo de cuidado adecuado. Opciones de cuidado quiropr\u00e1ctico. <\/p>\n","protected":false},"author":1,"featured_media":0,"parent":0,"menu_order":0,"comment_status":"closed","ping_status":"closed","template":"","meta":{"_acf_changed":false,"_joinchat":[],"footnotes":""},"class_list":["post-13828","page","type-page","status-publish","hentry"],"acf":[],"_links":{"self":[{"href":"https:\/\/barhalevy.com\/es\/wp-json\/wp\/v2\/pages\/13828","targetHints":{"allow":["GET"]}}],"collection":[{"href":"https:\/\/barhalevy.com\/es\/wp-json\/wp\/v2\/pages"}],"about":[{"href":"https:\/\/barhalevy.com\/es\/wp-json\/wp\/v2\/types\/page"}],"author":[{"embeddable":true,"href":"https:\/\/barhalevy.com\/es\/wp-json\/wp\/v2\/users\/1"}],"replies":[{"embeddable":true,"href":"https:\/\/barhalevy.com\/es\/wp-json\/wp\/v2\/comments?post=13828"}],"version-history":[{"count":5,"href":"https:\/\/barhalevy.com\/es\/wp-json\/wp\/v2\/pages\/13828\/revisions"}],"predecessor-version":[{"id":18195,"href":"https:\/\/barhalevy.com\/es\/wp-json\/wp\/v2\/pages\/13828\/revisions\/18195"}],"wp:attachment":[{"href":"https:\/\/barhalevy.com\/es\/wp-json\/wp\/v2\/media?parent=13828"}],"curies":[{"name":"wp","href":"https:\/\/api.w.org\/{rel}","templated":true}]}}