{"id":13946,"date":"2024-10-30T17:53:23","date_gmt":"2024-10-30T15:53:23","guid":{"rendered":"https:\/\/barhalevy.com\/booking-redirect\/"},"modified":"2025-06-22T21:26:37","modified_gmt":"2025-06-22T19:26:37","slug":"booking-redirect","status":"publish","type":"page","link":"https:\/\/barhalevy.com\/es\/booking-redirect\/","title":{"rendered":"Redirecci\u00f3n de reserva"},"content":{"rendered":"\t\t<div data-elementor-type=\"wp-page\" data-elementor-id=\"13946\" class=\"elementor elementor-13946 elementor-13907\" data-elementor-post-type=\"page\">\n\t\t\t\t<div class=\"elementor-element elementor-element-58905ce2 e-con-full e-flex e-con e-parent\" data-id=\"58905ce2\" data-element_type=\"container\" data-e-type=\"container\" data-settings=\"{&quot;background_background&quot;:&quot;classic&quot;}\">\n\t\t<div class=\"elementor-element elementor-element-7ba86ff1 e-con-full e-flex e-con e-child\" data-id=\"7ba86ff1\" data-element_type=\"container\" data-e-type=\"container\" data-settings=\"{&quot;background_background&quot;:&quot;classic&quot;}\">\n\t\t\t\t<\/div>\n\t\t<div class=\"elementor-element elementor-element-548847c7 e-con-full e-flex e-con e-child\" data-id=\"548847c7\" data-element_type=\"container\" data-e-type=\"container\">\n\t\t<div class=\"elementor-element elementor-element-76d9e6bb e-flex e-con-boxed e-con e-child\" data-id=\"76d9e6bb\" data-element_type=\"container\" data-e-type=\"container\">\n\t\t\t\t\t<div class=\"e-con-inner\">\n\t\t\t\t<div class=\"elementor-element elementor-element-4a2dcfe2 elementor-widget elementor-widget-heading\" data-id=\"4a2dcfe2\" data-element_type=\"widget\" data-e-type=\"widget\" data-widget_type=\"heading.default\">\n\t\t\t\t\t<h1 class=\"elementor-heading-title elementor-size-default\">Gracias por su reserva<\/h1>\t\t\t\t<\/div>\n\t\t\t\t<div class=\"elementor-element elementor-element-297db6aa elementor-widget elementor-widget-heading\" data-id=\"297db6aa\" data-element_type=\"widget\" data-e-type=\"widget\" data-widget_type=\"heading.default\">\n\t\t\t\t\t<h2 class=\"elementor-heading-title elementor-size-default\">\u00a1Por favor, recuerde revisar su correo electr\u00f3nico para obtener informaci\u00f3n que enviamos y nos vemos en su pr\u00f3xima visita!<\/h2>\t\t\t\t<\/div>\n\t\t\t\t<div class=\"elementor-element elementor-element-c5cd253 elementor-widget elementor-widget-image\" data-id=\"c5cd253\" data-element_type=\"widget\" data-e-type=\"widget\" data-widget_type=\"image.default\">\n\t\t\t\t\t\t\t\t\t\t\t\t\t\t\t\t<a href=\"https:\/\/barhalevy.com\/es\/\">\n\t\t\t\t\t\t\t<img fetchpriority=\"high\" decoding=\"async\" width=\"800\" height=\"860\" src=\"https:\/\/barhalevy.com\/wp-content\/uploads\/2024\/08\/Artboard-Original-sized-White-text-953x1024.png\" class=\"attachment-large size-large wp-image-13539\" alt=\"\" srcset=\"https:\/\/barhalevy.com\/wp-content\/uploads\/2024\/08\/Artboard-Original-sized-White-text-953x1024.png 953w, https:\/\/barhalevy.com\/wp-content\/uploads\/2024\/08\/Artboard-Original-sized-White-text-600x645.png 600w, https:\/\/barhalevy.com\/wp-content\/uploads\/2024\/08\/Artboard-Original-sized-White-text-279x300.png 279w, https:\/\/barhalevy.com\/wp-content\/uploads\/2024\/08\/Artboard-Original-sized-White-text-768x826.png 768w, https:\/\/barhalevy.com\/wp-content\/uploads\/2024\/08\/Artboard-Original-sized-White-text.png 1201w\" sizes=\"(max-width: 800px) 100vw, 800px\" \/>\t\t\t\t\t\t\t\t<\/a>\n\t\t\t\t\t\t\t\t\t\t\t\t\t\t\t<\/div>\n\t\t\t\t\t<\/div>\n\t\t\t\t<\/div>\n\t\t\t\t<\/div>\n\t\t\t\t<\/div>\n\t\t\t\t<\/div>\n\t\t","protected":false},"excerpt":{"rendered":"<p>Gracias por su reserva \u00a1Por favor, recuerde revisar su correo electr\u00f3nico para obtener informaci\u00f3n que enviamos y nos vemos en su pr\u00f3xima visita!<\/p>\n","protected":false},"author":1,"featured_media":0,"parent":0,"menu_order":0,"comment_status":"closed","ping_status":"closed","template":"","meta":{"_acf_changed":false,"_joinchat":[],"footnotes":""},"class_list":["post-13946","page","type-page","status-publish","hentry"],"acf":[],"_links":{"self":[{"href":"https:\/\/barhalevy.com\/es\/wp-json\/wp\/v2\/pages\/13946","targetHints":{"allow":["GET"]}}],"collection":[{"href":"https:\/\/barhalevy.com\/es\/wp-json\/wp\/v2\/pages"}],"about":[{"href":"https:\/\/barhalevy.com\/es\/wp-json\/wp\/v2\/types\/page"}],"author":[{"embeddable":true,"href":"https:\/\/barhalevy.com\/es\/wp-json\/wp\/v2\/users\/1"}],"replies":[{"embeddable":true,"href":"https:\/\/barhalevy.com\/es\/wp-json\/wp\/v2\/comments?post=13946"}],"version-history":[{"count":2,"href":"https:\/\/barhalevy.com\/es\/wp-json\/wp\/v2\/pages\/13946\/revisions"}],"predecessor-version":[{"id":17826,"href":"https:\/\/barhalevy.com\/es\/wp-json\/wp\/v2\/pages\/13946\/revisions\/17826"}],"wp:attachment":[{"href":"https:\/\/barhalevy.com\/es\/wp-json\/wp\/v2\/media?parent=13946"}],"curies":[{"name":"wp","href":"https:\/\/api.w.org\/{rel}","templated":true}]}}