{"id":14727,"date":"2025-03-10T11:10:05","date_gmt":"2025-03-10T09:10:05","guid":{"rendered":"https:\/\/barhalevy.com\/politica-de-redes-sociales\/"},"modified":"2025-05-09T12:43:13","modified_gmt":"2025-05-09T10:43:13","slug":"politica-de-redes-sociales","status":"publish","type":"page","link":"https:\/\/barhalevy.com\/es\/politica-de-redes-sociales\/","title":{"rendered":"Pol\u00edtica de Redes Sociales"},"content":{"rendered":"\t\t<div data-elementor-type=\"wp-page\" data-elementor-id=\"14727\" class=\"elementor elementor-14727 elementor-14719\" data-elementor-post-type=\"page\">\n\t\t\t\t<div class=\"elementor-element elementor-element-ba35dc9 e-flex e-con-boxed e-con e-parent\" data-id=\"ba35dc9\" data-element_type=\"container\" data-e-type=\"container\">\n\t\t\t\t\t<div class=\"e-con-inner\">\n\t\t\t\t<div class=\"elementor-element elementor-element-9b52a26 elementor-widget elementor-widget-heading\" data-id=\"9b52a26\" data-element_type=\"widget\" data-e-type=\"widget\" data-widget_type=\"heading.default\">\n\t\t\t\t\t<h1 class=\"elementor-heading-title elementor-size-default\">Pol\u00edtica de Redes Sociales<\/h1>\t\t\t\t<\/div>\n\t\t\t\t<div class=\"elementor-element elementor-element-a86b311 elementor-widget elementor-widget-text-editor\" data-id=\"a86b311\" data-element_type=\"widget\" data-e-type=\"widget\" data-widget_type=\"text-editor.default\">\n\t\t\t\t\t\t\t\t\t<p>En cumplimiento de la Ley Org\u00e1nica 3\/2018, LOPD-GDD de Protecci\u00f3n de Datos Personales y Garant\u00eda y Derechos Digitales, Reglamento Europeo 2016\/679, de protecci\u00f3n de datos de car\u00e1cter personal, RGPD y la Ley 34\/2002, de 11 julio , de Servicios de la Sociedad de la Informaci\u00f3n y de Comercio Electr\u00f3nico, LSSICE, Bar Halevy &#8211; Quiropr\u00e1ctico informa a los Usuarios, que se ha procedido a crear un perfil en las redes sociales Facebook, X, Instagram, LinkedIn y Youtube con la finalidad principal de dar informaci\u00f3n y publicitar sus productos y servicios.<\/p><p>Bar Halevy &#8211; Quiropr\u00e1ctico<br>Avenida de Jaume III, 22 Entresuelo B 07012 Illes Balears<br>www.barhalevy.com<br>info@barhalevy.com<\/p><p>El Usuario dispone de un perfil en la misma Red Social y ha decidido unirse a la p\u00e1gina creada por Bar Halevy &#8211; Quiropr\u00e1ctico, mostrando as\u00ed inter\u00e9s en la informaci\u00f3n que se publicite en la Red. Al unirse a nuestra p\u00e1gina, nos facilita su consentimiento para el tratamiento de los datos personales publicados en su perfil. <\/p><p>El usuario puede acceder en todo momento a las pol\u00edticas de privacidad de la propia Red Social, as\u00ed como configurar su perfil para garantizar su privacidad.<\/p><p>Bar Halevy &#8211; Quiropr\u00e1ctico trata la informaci\u00f3n p\u00fablica del Usuario, especialmente, su nombre de contacto. Estos datos s\u00f3lo son utilizados dentro de la propia Red Social y no son incorporados a ning\u00fan fichero. <\/p><p>En relaci\u00f3n a los derechos de acceso, rectificaci\u00f3n, cancelaci\u00f3n y oposici\u00f3n, de los que usted dispone y que pueden ser ejercidos ante Bar Halevy &#8211; Quiropr\u00e1ctico, debe tener en cuenta los siguientes matices:<\/p><ul><li> <u> Derecho de Acceso<\/u>: Es el derecho del Usuario a obtener informaci\u00f3n sobre sus datos concretos de car\u00e1cter personal y de tratamiento que Bar Halevy &#8211; Quiropr\u00e1ctico haya realizado o realice, as\u00ed como de la informaci\u00f3n disponible sobre el origen de estos datos y las comunicaciones realizadas o previstas de los mismos. Este derecho vendr\u00e1 definido por la funcionalidad de la Red Social y la capacidad de acceso a la informaci\u00f3n de los perfiles de los Usuarios. <\/li><li><u>Derecho de Rectificaci\u00f3n<\/u>: Es el derecho del afectado a que se modifiquen los datos que resulten ser inexactos o incompletos. S\u00f3lo podr\u00e1 satisfacerse en relaci\u00f3n a la informaci\u00f3n que se encuentre bajo el control de Bar Halevy &#8211; Quiropr\u00e1ctico (Por ejemplo, eliminar comentarios publicados en el propio perfil). Normalmente, este derecho debe ejercer ante la Red Social.  <\/li><li><u>Derecho de Cancelaci\u00f3n<\/u>: Es el derecho a suprimir los datos de car\u00e1cter personal del Usuario, a excepci\u00f3n de lo previsto en otras leyes aplicables que determinen la obligatoriedad de la conservaci\u00f3n de los mismos, en tiempo y forma. Dicho derecho se podr\u00e1 ejercer, por ejemplo, mediante la desvinculaci\u00f3n del perfil al que se encuentra unido. <\/li><li><u>Derecho de oposici\u00f3n<\/u>: Es el derecho del Usuario a que no se lleve a cabo el tratamiento de sus datos de car\u00e1cter personal o se cese el tratamiento de los mismos por parte de Bar Halevy &#8211; Quiropr\u00e1ctico. Como en el derecho de cancelaci\u00f3n, podr\u00e1 ejercer, por ejemplo, mediante la desvinculaci\u00f3n del perfil al que se encuentra unido. <\/li><\/ul><p><strong>.<\/strong> <u>Derecho a la Limitaci\u00f3n<\/u>. El interesado puede solicitar el ejercicio de su derecho a limitar el tratamiento de sus datos en los casos en que: <\/p><ul><li>El Interesado impugne la exactitud de los datos.<\/li><li>Cuando los datos recogidos no se necesiten para los fines del tratamiento pero si sean necesarios para el reconocimiento, ejercicio o defensa de un procedimiento judicial.<\/li><li>Cuando el Interesado se oponga al tratamiento mientras se verifica si prevalecen los motivos leg\u00edtimos del Responsable del Tratamiento a los del Interesado.<\/li><\/ul><ul><li><u>Derecho a la Portabilidad<\/u>. El Interesado tiene derecho a recibir sus datos personales, por parte del Responsable de Tratamiento al que previamente le haya hecho entrega de los mismos, en un formato estructurado, de uso habitual y de lectura mec\u00e1nica, con el objetivo de transmitirlos a otro Responsable, sin que lo impida el Responsable de Tratamiento al que le hubiera facilitado los datos previamente. A su vez, el interesado en el ejercicio de su derecho a la portabilidad, puede solicitar que sus datos se transmitan directamente al Responsable a Responsable.  <\/li><li><u style=\"font-size: 16px; color: var( --e-global-color-text ); letter-spacing: var( --e-global-typography-bf980d4-letter-spacing ); text-align: var(--text-align);\">Derecho a la Supresi\u00f3n y al Olvido<\/u><span style=\"font-size: 16px; color: var( --e-global-color-text ); letter-spacing: var( --e-global-typography-bf980d4-letter-spacing ); text-align: var(--text-align);\">. El Interesado tiene derecho a la supresi\u00f3n de sus datos personales cuando:<\/span><\/li><\/ul><ul><li>Estos no sean necesarios para el fin por el cual fueron recabados<\/li><li>Haya retirado el consentimiento y no exista fundamento jur\u00eddico que indique lo contrario.<\/li><li>Se haya ejercido su derecho de oposici\u00f3n al tratamiento de sus datos y no prevalezcan motivos leg\u00edtimos para dicho tratamiento.<\/li><li>Los datos sean tratados de manera l\u00edcita o deban suprimirse por una obligaci\u00f3n jur\u00eddica a la que est\u00e9 sujeto el Responsable de Tratamiento.<\/li><li>Los datos se hayan obtenido mediante una relaci\u00f3n con la oferta de servicios de la Sociedad de la Informaci\u00f3n.<\/li><\/ul><p>Para poder ejercer cualquiera de los derechos descritos anteriormente debe cumplir los siguientes requisitos:<\/p><ol><li>Presentaci\u00f3n de un escrito dirigido a Bar Halevy &#8211; Quiropr\u00e1ctico, en la direcci\u00f3n Avenida de Jaume III, 22, Entresuelo B, 07012, Illes Balears o bien por correo electr\u00f3nico a info@barhalevy.com.<\/li><li>El escrito remitido por el titular de los datos que solicite el ejercicio debe cumplir los requisitos legales:<ul><li><u>Nombre, apellidos del interesado y copia del DNI. <\/u>En los excepcionales casos en que se admita la representaci\u00f3n, ser\u00e1 tambi\u00e9n necesaria la identificaci\u00f3n por el mismo medio de la persona que lo representa, as\u00ed como el documento acreditativo de la representaci\u00f3n. La fotocopia del DNI podr\u00e1 ser sustituida siempre que se acredite la identidad por cualquier otro medio v\u00e1lido en derecho. <\/li><li><u>Petici\u00f3n en que se concreta la solicitud. <\/u>Si no hace referencia a un archivo concreto se le facilitar\u00e1 toda la informaci\u00f3n que se tenga con sus datos de car\u00e1cter personal. Si solicita informaci\u00f3n de un archivo en concreto, s\u00f3lo la informaci\u00f3n de este archivo. Si solicita informaci\u00f3n relativa a un tercero nunca se podr\u00e1 facilitar. Si lo solicita por tel\u00e9fono se le indicar\u00e1 que lo haga por escrito y se le informar\u00e1 de c\u00f3mo lo puede hacer y la direcci\u00f3n a la que debe enviarlo.   <\/li><li><u>Domicilio a efectos de notificaciones.<\/u><\/li><li><u>Fecha y firma del signatario <\/u><\/li><\/ul><\/li><\/ol><ol start=\"3\"><li>Documentos acreditativos de la petici\u00f3n que se formula.<\/li><li>El interesado debe utilizar cualquier medio que permita acreditar el env\u00edo y la recepci\u00f3n de la solicitud.<\/li><\/ol><p><u>Utilizaci\u00f3n del perfil<\/u><\/p><p><span style=\"font-size: 16px; color: var( --e-global-color-text ); letter-spacing: var( --e-global-typography-bf980d4-letter-spacing ); text-align: var(--text-align);\">Bar Halevy &#8211; Quiropr\u00e1ctico realizar\u00e1 las siguientes actuaciones:<\/span><\/p><ul><li>Acceso a la informaci\u00f3n p\u00fablica del perfil.<\/li><li>Publicaci\u00f3n en el perfil del Usuario de toda aquella informaci\u00f3n ya publicada en la p\u00e1gina de Bar Halevy &#8211; Quiropr\u00e1ctico<\/li><li>Enviar mensajes personales e individuales a trav\u00e9s de los canales de la Red Social.<\/li><li>Actualizaciones del estado de la p\u00e1gina que se publicar\u00e1n en el perfil del Usuario.<\/li><\/ul><p>El usuario siempre puede controlar sus conexiones, eliminar los contenidos que dejen de interesar y restringir con quien comparte sus conexiones; por ello deber\u00e1 acceder a su configuraci\u00f3n de privacidad.<\/p><p><u>Publicaciones <\/u><\/p><p>El Usuario, una vez unido a la p\u00e1gina de Bar Halevy &#8211; Quiropr\u00e1ctico, podr\u00e1 publicar en esta \u00faltima, comentarios, enlaces, im\u00e1genes o fotograf\u00edas o cualquier otro tipo de contenido multimedia soportado por la Red Social. El usuario, en todos los casos, debe ser el titular de los mismos, disfrutar de los derechos de autor y de propiedad intelectual o contar con el consentimiento de los terceros afectados. Se proh\u00edbe expresamente cualquier publicaci\u00f3n en la p\u00e1gina, ya sean textos, gr\u00e1ficos, fotograf\u00edas, v\u00eddeos, etc. que atenten o sean susceptibles de atentar contra la moral, la \u00e9tica, el buen gusto o el decoro, y \/ o que infrinjan, violen o infrinjan los derechos de propiedad intelectual o industrial, el derecho a la imagen o la Ley. En estos casos, Bar Halevy &#8211; Quiropr\u00e1ctico se reserva el derecho a retirar inmediatamente el contenido, pudiendo solicitar el bloqueo permanente del Usuario.   <\/p><p>Bar Halevy &#8211; Quiropr\u00e1ctico no se har\u00e1 responsable de los contenidos que libremente ha publicado un Usuario.<\/p><p>El Usuario debe tener presente que sus publicaciones ser\u00e1n conocidas por los otros usuarios, por lo que asimismo es el principal responsable de su privacidad.<\/p><p>Las im\u00e1genes que se puedan publicar en la p\u00e1gina no ser\u00e1n almacenados en ning\u00fan fichero por parte de Bar Halevy &#8211; Quiropr\u00e1ctico pero s\u00ed permanecer\u00e1n en la Red Social.<\/p><p><u>Concursos y promociones<\/u><\/p><p>Bar Halevy &#8211; Quiropr\u00e1ctico se reserva el derecho a realizar concursos y promociones, en los que podr\u00e1 participar el Usuario unido en su p\u00e1gina. Las bases de cada uno de ellos, cuando se utilice para ello la plataforma de la Red Social, ser\u00e1n publicadas en la misma, cumpliendo siempre con la LSSICE y con cualquier otra norma que le sea de aplicaci\u00f3n. <\/p><p>La Red Social no patrocina, avala ni administra, de ninguna manera, ninguna de nuestras promociones, ni est\u00e1 asociada a ninguna de ellas.<\/p><p><u>Publicidad<\/u><\/p><p>Bar Halevy &#8211; Quiropr\u00e1ctico utilizar\u00e1 la Red Social para publicitar sus productos y servicios. En todo caso, si decide tratar sus datos de contacto para realizar acciones directas de prospecci\u00f3n comercial, ser\u00e1 siempre cumpliendo con las exigencias legales del RGPD y de la LSSICE. <\/p><p>No se considera publicidad el hecho de recomendar a otros Usuarios la p\u00e1gina Bar Halevy &#8211; Quiropr\u00e1ctico que tambi\u00e9n ellos puedan disfrutar de las promociones o estar informados de su actividad.<\/p><p>A continuaci\u00f3n, detallamos el enlace a la pol\u00edtica de privacidad de las diferentes Redes Sociales:<\/p><p>Facebook: <a href=\"https:\/\/www.facebook.com\/help\/323540651073243\" target=\"_blank\" rel=\"nofollow noopener\"><u>https:\/\/www.facebook.com\/help\/323540651073243<\/u><\/a><br>Twitter: <a href=\"https:\/\/twitter.com\/privacy\" target=\"_blank\" rel=\"nofollow noopener\"><u>https:\/\/twitter.com\/privacy<\/u><\/a><br>YouTube: <span style=\"text-decoration: underline;\"><a href=\"https:\/\/www.youtube.com\/yt\/policyandsafety\/es\/\" target=\"_blank\" rel=\"nofollow noopener\">https:\/\/www.youtube.com\/yt\/policyandsafety\/es\/<\/a><\/span><\/p>\t\t\t\t\t\t\t\t<\/div>\n\t\t\t\t\t<\/div>\n\t\t\t\t<\/div>\n\t\t\t\t<\/div>\n\t\t","protected":false},"excerpt":{"rendered":"<p>Pol\u00edtica de Redes Sociales En cumplimiento de la Ley Org\u00e1nica 3\/2018, LOPD-GDD de Protecci\u00f3n de Datos Personales y Garant\u00eda y Derechos Digitales, Reglamento Europeo 2016\/679, de protecci\u00f3n de datos de car\u00e1cter personal, RGPD y la Ley 34\/2002, de 11 julio , de Servicios de la Sociedad de la Informaci\u00f3n y de Comercio Electr\u00f3nico, LSSICE, Bar [&hellip;]<\/p>\n","protected":false},"author":1,"featured_media":0,"parent":0,"menu_order":0,"comment_status":"closed","ping_status":"closed","template":"","meta":{"_acf_changed":false,"_joinchat":[],"footnotes":""},"class_list":["post-14727","page","type-page","status-publish","hentry"],"acf":[],"_links":{"self":[{"href":"https:\/\/barhalevy.com\/es\/wp-json\/wp\/v2\/pages\/14727","targetHints":{"allow":["GET"]}}],"collection":[{"href":"https:\/\/barhalevy.com\/es\/wp-json\/wp\/v2\/pages"}],"about":[{"href":"https:\/\/barhalevy.com\/es\/wp-json\/wp\/v2\/types\/page"}],"author":[{"embeddable":true,"href":"https:\/\/barhalevy.com\/es\/wp-json\/wp\/v2\/users\/1"}],"replies":[{"embeddable":true,"href":"https:\/\/barhalevy.com\/es\/wp-json\/wp\/v2\/comments?post=14727"}],"version-history":[{"count":0,"href":"https:\/\/barhalevy.com\/es\/wp-json\/wp\/v2\/pages\/14727\/revisions"}],"wp:attachment":[{"href":"https:\/\/barhalevy.com\/es\/wp-json\/wp\/v2\/media?parent=14727"}],"curies":[{"name":"wp","href":"https:\/\/api.w.org\/{rel}","templated":true}]}}