{"id":14760,"date":"2025-03-10T12:14:54","date_gmt":"2025-03-10T10:14:54","guid":{"rendered":"https:\/\/barhalevy.com\/mensaje-de-contacto\/"},"modified":"2025-05-09T12:47:13","modified_gmt":"2025-05-09T10:47:13","slug":"mensaje-de-contacto","status":"publish","type":"page","link":"https:\/\/barhalevy.com\/es\/mensaje-de-contacto\/","title":{"rendered":"Mensaje de Contacto"},"content":{"rendered":"\t\t<div data-elementor-type=\"wp-page\" data-elementor-id=\"14760\" class=\"elementor elementor-14760 elementor-14755\" data-elementor-post-type=\"page\">\n\t\t\t\t<div class=\"elementor-element elementor-element-cf7a4fa e-flex e-con-boxed e-con e-parent\" data-id=\"cf7a4fa\" data-element_type=\"container\" data-e-type=\"container\">\n\t\t\t\t\t<div class=\"e-con-inner\">\n\t\t\t\t<div class=\"elementor-element elementor-element-a4631bc elementor-widget elementor-widget-heading\" data-id=\"a4631bc\" data-element_type=\"widget\" data-e-type=\"widget\" data-widget_type=\"heading.default\">\n\t\t\t\t\t<h1 class=\"elementor-heading-title elementor-size-default\">Mensaje de Contacto<\/h1>\t\t\t\t<\/div>\n\t\t\t\t<div class=\"elementor-element elementor-element-50c7cc7 elementor-widget elementor-widget-text-editor\" data-id=\"50c7cc7\" data-element_type=\"widget\" data-e-type=\"widget\" data-widget_type=\"text-editor.default\">\n\t\t\t\t\t\t\t\t\t<p>En virtud de lo establecido en la Ley Org\u00e1nica 3\/2018, LOPD-GDD y el Reglamento Europeo 2016\/679, RGPD de Protecci\u00f3n de Datos de car\u00e1cter personal le informamos que sus datos pasar\u00e1n a formar parte de un fichero titularidad de Bar Halevy &#8211; Quiropr\u00e1ctico. La informaci\u00f3n registrada se utilizar\u00e1 para informarle por cualquier medio electr\u00f3nico de nuestras novedades y\/o informaci\u00f3n de la entidad. Puede ejercer los derechos de acceso, rectificaci\u00f3n, portabilidad y supresi\u00f3n de sus datos y los de limitaci\u00f3n y oposici\u00f3n del tratamiento en Avenida de Jaume III, 22, Entresuelo B, 07012, Barcelona o enviando un correo electr\u00f3nico a info@barhalevy.com. En cumplimiento de la Ley 34\/2002 del 11 de julio, de Servicios de la Sociedad de la Informaci\u00f3n y de Comercio electr\u00f3nico e Internet, le informamos que puede revocar en cualquier momento, de forma sencilla y gratuita, el consentimiento para la recepci\u00f3n de correo electr\u00f3nico enviando un correo electr\u00f3nico con su solicitud a: info@barhalevy.com.   <\/p>\t\t\t\t\t\t\t\t<\/div>\n\t\t\t\t\t<\/div>\n\t\t\t\t<\/div>\n\t\t\t\t<\/div>\n\t\t","protected":false},"excerpt":{"rendered":"<p>Mensaje de Contacto En virtud de lo establecido en la Ley Org\u00e1nica 3\/2018, LOPD-GDD y el Reglamento Europeo 2016\/679, RGPD de Protecci\u00f3n de Datos de car\u00e1cter personal le informamos que sus datos pasar\u00e1n a formar parte de un fichero titularidad de Bar Halevy &#8211; Quiropr\u00e1ctico. La informaci\u00f3n registrada se utilizar\u00e1 para informarle por cualquier medio [&hellip;]<\/p>\n","protected":false},"author":1,"featured_media":0,"parent":0,"menu_order":0,"comment_status":"closed","ping_status":"closed","template":"","meta":{"_acf_changed":false,"_joinchat":[],"footnotes":""},"class_list":["post-14760","page","type-page","status-publish","hentry"],"acf":[],"_links":{"self":[{"href":"https:\/\/barhalevy.com\/es\/wp-json\/wp\/v2\/pages\/14760","targetHints":{"allow":["GET"]}}],"collection":[{"href":"https:\/\/barhalevy.com\/es\/wp-json\/wp\/v2\/pages"}],"about":[{"href":"https:\/\/barhalevy.com\/es\/wp-json\/wp\/v2\/types\/page"}],"author":[{"embeddable":true,"href":"https:\/\/barhalevy.com\/es\/wp-json\/wp\/v2\/users\/1"}],"replies":[{"embeddable":true,"href":"https:\/\/barhalevy.com\/es\/wp-json\/wp\/v2\/comments?post=14760"}],"version-history":[{"count":0,"href":"https:\/\/barhalevy.com\/es\/wp-json\/wp\/v2\/pages\/14760\/revisions"}],"wp:attachment":[{"href":"https:\/\/barhalevy.com\/es\/wp-json\/wp\/v2\/media?parent=14760"}],"curies":[{"name":"wp","href":"https:\/\/api.w.org\/{rel}","templated":true}]}}