{"id":15756,"date":"2025-04-25T13:34:13","date_gmt":"2025-04-25T11:34:13","guid":{"rendered":"https:\/\/barhalevy.com\/cuidado-completo\/"},"modified":"2026-01-25T22:07:21","modified_gmt":"2026-01-25T20:07:21","slug":"visitas-completas","status":"publish","type":"page","link":"https:\/\/barhalevy.com\/es\/visitas-completas\/","title":{"rendered":"Visita Quiropr\u00e1ctica Completa | Bar Halevy"},"content":{"rendered":"\t\t<div data-elementor-type=\"wp-page\" data-elementor-id=\"15756\" class=\"elementor elementor-15756 elementor-15661\" data-elementor-post-type=\"page\">\n\t\t\t\t<div class=\"elementor-element elementor-element-c32a256 e-flex e-con-boxed e-con e-parent\" data-id=\"c32a256\" data-element_type=\"container\" data-e-type=\"container\">\n\t\t\t\t\t<div class=\"e-con-inner\">\n\t\t\t\t<div class=\"elementor-element elementor-element-746d621 elementor-widget elementor-widget-text-editor\" data-id=\"746d621\" data-element_type=\"widget\" data-e-type=\"widget\" data-widget_type=\"text-editor.default\">\n\t\t\t\t\t\t\t\t\t<p class=\"\" data-start=\"263\" data-end=\"588\">La visita Completa es nuestra opci\u00f3n de atenci\u00f3n m\u00e1s completa y elaborada, dise\u00f1ada para abordar los desaf\u00edos de salud m\u00e1s complejos o de larga duraci\u00f3n y optimizar su bienestar al m\u00e1ximo. Es altamente individualizada y abarcativa, con un enfoque multisist\u00e9mico que nos permite apoyar al cuerpo de una manera verdaderamente hol\u00edstica. <\/p><p class=\"\" data-start=\"590\" data-end=\"1277\">Este tipo de visita incorpora todo lo incluido en nuestros otros tipos de visita (Regular y Extendida), pero va varios pasos m\u00e1s all\u00e1. Incluye un an\u00e1lisis completo estructural, bioqu\u00edmico y emocional, orientado a identificar los factores de estr\u00e9s exactos que afectan su salud y la mejor manera de abordarlos en el orden m\u00e1s apropiado para su cuerpo. Para ello, nos basamos en gran medida en la <em><strong><a href=\"https:\/\/barhalevy.com\/es\/kinesiologia-aplicada\/\">Kinesiolog\u00eda Aplicada <\/a><\/strong><\/em>y, m\u00e1s concretamente, <strong><em><a href=\"https:\/\/barhalevy.com\/es\/kinesiologia-aplicada\/#SHC\">Systems Health Care, <\/a><\/em><\/strong>que ofrece un marco estructurado pero adaptable que nos permite evaluar varios sistemas del cuerpo y seguir c\u00f3mo interact\u00faan y responden a lo largo del tiempo.  <\/p><p class=\"\" data-start=\"1279\" data-end=\"1690\">A menudo, el cuerpo solo nos muestra lo que actualmente es capaz de procesar. En muchos casos, primero aparecen disfunciones agudas o superficiales. Una vez que estas comienzan a resolverse, pueden empezar a emerger problemas m\u00e1s profundos o cr\u00f3nicos. Este proceso de sanaci\u00f3n en capas es una caracter\u00edstica clave de c\u00f3mo funcionan las visitas Completas. Cada sesi\u00f3n se construye sobre la anterior, a medida que el cuerpo contin\u00faa cambiando, reorganiz\u00e1ndose y trayendo hacia adelante lo que necesita apoyo a continuaci\u00f3n.    <\/p><p class=\"\" data-start=\"1692\" data-end=\"2111\">Para aprovechar al m\u00e1ximo este proceso, solemos empezar con tres sesiones espaciadas entre una y dos semanas. Este ritmo nos permite tanto apoyar como observar el cuerpo en movimiento. Entre una visita y otra, una orientaci\u00f3n espec\u00edfica sobre la dieta, el estilo de vida y los suplementos ayuda a reforzar el trabajo que hacemos en la cl\u00ednica. Cada sesi\u00f3n es individual y dura aproximadamente 60 minutos, lo que ofrece tiempo para una investigaci\u00f3n m\u00e1s profunda y una atenci\u00f3n m\u00e1s exhaustiva.   <\/p><p class=\"\" data-start=\"2113\" data-end=\"2487\">No se trata de una forma pasiva de cuidado. Se espera que las personas que eligen participar en este plan tomen parte activa en su propio proceso de curaci\u00f3n. Esto implica estar dispuesto a realizar los ajustes necesarios en el estilo de vida, basados tanto en recomendaciones generales como en indicaciones personalizadas fundamentadas en la evidencia. Tu compromiso entre las visitas es tan importante como lo que ocurre durante ellas.   <\/p><p class=\"\" data-start=\"2489\" data-end=\"2900\">Las personas vienen a las visitas Completas por diversas razones, incluyendo fatiga cr\u00f3nica, problemas digestivos, migra\u00f1as, afecciones de la piel, problemas autoinmunes como el de Hashimoto, problemas de neurodesarrollo, desequilibrios hormonales y estr\u00e9s emocional persistente. El objetivo no es solo aliviar los s\u00edntomas, sino trabajar a trav\u00e9s de lo que se encuentra debajo de ellos, paso a paso, ayudando al cuerpo a recuperar su propio equilibrio y resiliencia con el tiempo. <\/p><footer class=\"elementor elementor-191 elementor-location-footer\" data-elementor-type=\"footer\" data-elementor-id=\"191\" data-elementor-post-type=\"elementor_library\"><section class=\"elementor-section elementor-top-section elementor-element elementor-element-592d3c5 elementor-section-full_width elementor-reverse-tablet elementor-reverse-mobile elementor-section-height-min-height elementor-section-height-default elementor-section-items-middle\" data-id=\"592d3c5\" data-element_type=\"section\"><\/section><\/footer><footer class=\"elementor elementor-191 elementor-location-footer\" data-elementor-type=\"footer\" data-elementor-id=\"191\" data-elementor-post-type=\"elementor_library\"><section class=\"elementor-section elementor-top-section elementor-element elementor-element-592d3c5 elementor-section-full_width elementor-reverse-tablet elementor-reverse-mobile elementor-section-height-min-height elementor-section-height-default elementor-section-items-middle\" data-id=\"592d3c5\" data-element_type=\"section\"><\/section><\/footer>\t\t\t\t\t\t\t\t<\/div>\n\t\t\t\t\t<\/div>\n\t\t\t\t<\/div>\n\t\t<div class=\"elementor-element elementor-element-f07c7f7 e-flex e-con-boxed e-con e-parent\" data-id=\"f07c7f7\" data-element_type=\"container\" data-e-type=\"container\">\n\t\t\t\t\t<div class=\"e-con-inner\">\n\t\t\t\t<div class=\"elementor-element elementor-element-722ef7b elementor-widget elementor-widget-button\" data-id=\"722ef7b\" data-element_type=\"widget\" data-e-type=\"widget\" data-widget_type=\"button.default\">\n\t\t\t\t\t\t\t\t\t\t<a class=\"elementor-button elementor-button-link elementor-size-sm\" href=\"https:\/\/olakino.neptune.practicehub.io\/p\/book-online?lid=3&#038;pid=1&#038;atid=6&#038;locale=es\" target=\"_blank\" rel=\"noopener\">\n\t\t\t\t\t\t<span class=\"elementor-button-content-wrapper\">\n\t\t\t\t\t\t\t\t\t<span class=\"elementor-button-text\">RESERVA AQU\u00cd<\/span>\n\t\t\t\t\t<\/span>\n\t\t\t\t\t<\/a>\n\t\t\t\t\t\t\t\t<\/div>\n\t\t\t\t<div class=\"elementor-element elementor-element-c597916 elementor-widget elementor-widget-button\" data-id=\"c597916\" data-element_type=\"widget\" data-e-type=\"widget\" data-widget_type=\"button.default\">\n\t\t\t\t\t\t\t\t\t\t<a class=\"elementor-button elementor-button-link elementor-size-sm\" href=\"https:\/\/barhalevy.com\/es\/la-primera-visita\/\">\n\t\t\t\t\t\t<span class=\"elementor-button-content-wrapper\">\n\t\t\t\t\t\t\t\t\t<span class=\"elementor-button-text\">\u00bfNUEVO PACIENTE? <b>RESERVA TU PRIMERA VISITA<\/b><\/span>\n\t\t\t\t\t<\/span>\n\t\t\t\t\t<\/a>\n\t\t\t\t\t\t\t\t<\/div>\n\t\t\t\t\t<\/div>\n\t\t\t\t<\/div>\n\t\t<div class=\"elementor-element elementor-element-8bd63a9 e-flex e-con-boxed e-con e-parent\" data-id=\"8bd63a9\" data-element_type=\"container\" data-e-type=\"container\">\n\t\t\t\t\t<div class=\"e-con-inner\">\n\t\t<div class=\"elementor-element elementor-element-51e3d5e e-con-full e-flex e-con e-child\" data-id=\"51e3d5e\" data-element_type=\"container\" data-e-type=\"container\">\n\t\t\t\t<div class=\"elementor-element elementor-element-2dc0215 elementor-hidden-desktop elementor-hidden-tablet elementor-hidden-mobile elementor-widget elementor-widget-heading\" data-id=\"2dc0215\" data-element_type=\"widget\" data-e-type=\"widget\" data-widget_type=\"heading.default\">\n\t\t\t\t\t<h2 class=\"elementor-heading-title elementor-size-default\">\u2193 Descubre m\u00e1s sobre Systems Health Care \u2193<\/h2>\t\t\t\t<\/div>\n\t\t\t\t<div class=\"elementor-element elementor-element-8cba9de elementor-widget elementor-widget-video\" data-id=\"8cba9de\" data-element_type=\"widget\" data-e-type=\"widget\" data-settings=\"{&quot;video_type&quot;:&quot;vimeo&quot;}\" data-widget_type=\"video.default\">\n\t\t\t\t\t\t\t<div class=\"elementor-wrapper elementor-open-inline\">\n\t\t\t<iframe class=\"elementor-video-iframe\" allowfullscreen allow=\"clipboard-write\" title=\"Reproductor de v\u00eddeo vimeo\" src=\"https:\/\/player.vimeo.com\/video\/1056643569?color&amp;autopause=0&amp;loop=0&amp;muted=0&amp;title=1&amp;portrait=1&amp;byline=1#t=\"><\/iframe>\t\t<\/div>\n\t\t\t\t\t\t<\/div>\n\t\t\t\t<\/div>\n\t\t\t\t\t<\/div>\n\t\t\t\t<\/div>\n\t\t\t\t<\/div>\n\t\t","protected":false},"excerpt":{"rendered":"<p>La visita Completa es nuestra opci\u00f3n de atenci\u00f3n m\u00e1s completa y elaborada, dise\u00f1ada para abordar los desaf\u00edos de salud m\u00e1s complejos o de larga duraci\u00f3n y optimizar su bienestar al m\u00e1ximo. Es altamente individualizada y abarcativa, con un enfoque multisist\u00e9mico que nos permite apoyar al cuerpo de una manera verdaderamente hol\u00edstica. Este tipo de visita [&hellip;]<\/p>\n","protected":false},"author":1,"featured_media":0,"parent":0,"menu_order":0,"comment_status":"closed","ping_status":"closed","template":"","meta":{"_acf_changed":false,"_joinchat":[],"footnotes":""},"class_list":["post-15756","page","type-page","status-publish","hentry"],"acf":[],"_links":{"self":[{"href":"https:\/\/barhalevy.com\/es\/wp-json\/wp\/v2\/pages\/15756","targetHints":{"allow":["GET"]}}],"collection":[{"href":"https:\/\/barhalevy.com\/es\/wp-json\/wp\/v2\/pages"}],"about":[{"href":"https:\/\/barhalevy.com\/es\/wp-json\/wp\/v2\/types\/page"}],"author":[{"embeddable":true,"href":"https:\/\/barhalevy.com\/es\/wp-json\/wp\/v2\/users\/1"}],"replies":[{"embeddable":true,"href":"https:\/\/barhalevy.com\/es\/wp-json\/wp\/v2\/comments?post=15756"}],"version-history":[{"count":6,"href":"https:\/\/barhalevy.com\/es\/wp-json\/wp\/v2\/pages\/15756\/revisions"}],"predecessor-version":[{"id":18397,"href":"https:\/\/barhalevy.com\/es\/wp-json\/wp\/v2\/pages\/15756\/revisions\/18397"}],"wp:attachment":[{"href":"https:\/\/barhalevy.com\/es\/wp-json\/wp\/v2\/media?parent=15756"}],"curies":[{"name":"wp","href":"https:\/\/api.w.org\/{rel}","templated":true}]}}