{"id":15758,"date":"2025-04-25T13:36:01","date_gmt":"2025-04-25T11:36:01","guid":{"rendered":"https:\/\/barhalevy.com\/cuidado-estructural\/"},"modified":"2026-01-25T22:07:04","modified_gmt":"2026-01-25T20:07:04","slug":"visitas-equilibrio","status":"publish","type":"page","link":"https:\/\/barhalevy.com\/es\/visitas-equilibrio\/","title":{"rendered":"Visitas Quiropr\u00e1cticas de Equilibrio | Bar Halevy"},"content":{"rendered":"\t\t<div data-elementor-type=\"wp-page\" data-elementor-id=\"15758\" class=\"elementor elementor-15758 elementor-15665\" data-elementor-post-type=\"page\">\n\t\t\t\t<div class=\"elementor-element elementor-element-35dd9a4 e-flex e-con-boxed e-con e-parent\" data-id=\"35dd9a4\" data-element_type=\"container\" data-e-type=\"container\">\n\t\t\t\t\t<div class=\"e-con-inner\">\n\t\t\t\t<div class=\"elementor-element elementor-element-3b1838f elementor-widget elementor-widget-text-editor\" data-id=\"3b1838f\" data-element_type=\"widget\" data-e-type=\"widget\" data-widget_type=\"text-editor.default\">\n\t\t\t\t\t\t\t\t\t<p class=\"\" data-start=\"78\" data-end=\"313\">Esta opci\u00f3n de visita lleva las cosas un paso m\u00e1s all\u00e1. Est\u00e1 dise\u00f1ada para personas que necesitan un apoyo m\u00e1s profundo, especialmente cuando el malestar persiste, los dolores o lesiones regresan, o los problemas resurgen despu\u00e9s de una atenci\u00f3n previa. <\/p><p class=\"\" data-start=\"315\" data-end=\"681\">Basado en todo lo incluido en nuestras visitas Esenciales, las visitas de Equilibrio ofrecen una evaluaci\u00f3n m\u00e1s amplia y un enfoque terap\u00e9utico m\u00e1s profundo. Las sesiones tienen un enfoque corporal completo e incorporan una variedad de intervenciones manuales. La atenci\u00f3n se extiende m\u00e1s all\u00e1 de la columna y la pelvis para incluir el cr\u00e1neo, la mand\u00edbula y las extremidades, ofreciendo una visi\u00f3n m\u00e1s integral y conectada del cuerpo.  <\/p><p class=\"\" data-start=\"683\" data-end=\"1092\">Este tipo de visita es un buen punto de partida, y muchas veces es todo lo que se necesita para las personas que experimentan molestias estructurales persistentes, como dolor muscular, problemas articulares, esguinces de ligamentos o re-esguinces, y problemas relacionados con la ATM. Aunque la visita sigue estando centrada en la estructura, tambi\u00e9n podemos recurrir a los conocimientos de la <a href=\"https:\/\/barhalevy.com\/es\/kinesiologia-aplicada\/\"><strong>Kinesiolog\u00eda Aplicada<\/strong><\/a> para comprender mejor los patrones compensatorios y apoyar la respuesta del cuerpo.. <\/p><p class=\"\" data-start=\"1094\" data-end=\"1274\">Las sesiones duran aproximadamente 30 minutos y se realizan de forma individual. La frecuencia suele ser de una a dos veces por semana durante un periodo determinado, seg\u00fan el caso de cada persona. <\/p><p class=\"\" data-start=\"1276\" data-end=\"1470\">Se fomenta una participaci\u00f3n activa a lo largo del proceso mediante la incorporaci\u00f3n de cambios \u00fatiles en la postura, el movimiento y los h\u00e1bitos diarios, basados en recomendaciones generales y personalizadas.<\/p><footer class=\"elementor elementor-191 elementor-location-footer\" data-elementor-type=\"footer\" data-elementor-id=\"191\" data-elementor-post-type=\"elementor_library\"><section class=\"elementor-section elementor-top-section elementor-element elementor-element-592d3c5 elementor-section-full_width elementor-reverse-tablet elementor-reverse-mobile elementor-section-height-min-height elementor-section-height-default elementor-section-items-middle\" data-id=\"592d3c5\" data-element_type=\"section\"><\/section><\/footer><footer class=\"elementor elementor-191 elementor-location-footer\" data-elementor-type=\"footer\" data-elementor-id=\"191\" data-elementor-post-type=\"elementor_library\"><section class=\"elementor-section elementor-top-section elementor-element elementor-element-592d3c5 elementor-section-full_width elementor-reverse-tablet elementor-reverse-mobile elementor-section-height-min-height elementor-section-height-default elementor-section-items-middle\" data-id=\"592d3c5\" data-element_type=\"section\"><\/section><\/footer>\t\t\t\t\t\t\t\t<\/div>\n\t\t\t\t\t<\/div>\n\t\t\t\t<\/div>\n\t\t<div class=\"elementor-element elementor-element-cec1abe e-flex e-con-boxed e-con e-parent\" data-id=\"cec1abe\" data-element_type=\"container\" data-e-type=\"container\">\n\t\t\t\t\t<div class=\"e-con-inner\">\n\t\t\t\t<div class=\"elementor-element elementor-element-1f41d9e elementor-widget elementor-widget-button\" data-id=\"1f41d9e\" data-element_type=\"widget\" data-e-type=\"widget\" data-widget_type=\"button.default\">\n\t\t\t\t\t\t\t\t\t\t<a class=\"elementor-button elementor-button-link elementor-size-sm\" href=\"https:\/\/olakino.neptune.practicehub.io\/p\/book-online?lid=3&#038;pid=1&#038;atid=5&#038;locale=es\" target=\"_blank\" rel=\"noopener\">\n\t\t\t\t\t\t<span class=\"elementor-button-content-wrapper\">\n\t\t\t\t\t\t\t\t\t<span class=\"elementor-button-text\">RESERVA AQU\u00cd<\/span>\n\t\t\t\t\t<\/span>\n\t\t\t\t\t<\/a>\n\t\t\t\t\t\t\t\t<\/div>\n\t\t\t\t<div class=\"elementor-element elementor-element-8e5e13a elementor-widget elementor-widget-button\" data-id=\"8e5e13a\" data-element_type=\"widget\" data-e-type=\"widget\" data-widget_type=\"button.default\">\n\t\t\t\t\t\t\t\t\t\t<a class=\"elementor-button elementor-button-link elementor-size-sm\" href=\"https:\/\/barhalevy.com\/es\/la-primera-visita\/\">\n\t\t\t\t\t\t<span class=\"elementor-button-content-wrapper\">\n\t\t\t\t\t\t\t\t\t<span class=\"elementor-button-text\">\u00bfNUEVO PACIENTE? <b>RESERVA TU PRIMERA VISITA<\/b><\/span>\n\t\t\t\t\t<\/span>\n\t\t\t\t\t<\/a>\n\t\t\t\t\t\t\t\t<\/div>\n\t\t\t\t\t<\/div>\n\t\t\t\t<\/div>\n\t\t\t\t<\/div>\n\t\t","protected":false},"excerpt":{"rendered":"<p>Esta opci\u00f3n de visita lleva las cosas un paso m\u00e1s all\u00e1. Est\u00e1 dise\u00f1ada para personas que necesitan un apoyo m\u00e1s profundo, especialmente cuando el malestar persiste, los dolores o lesiones regresan, o los problemas resurgen despu\u00e9s de una atenci\u00f3n previa. Basado en todo lo incluido en nuestras visitas Esenciales, las visitas de Equilibrio ofrecen una [&hellip;]<\/p>\n","protected":false},"author":1,"featured_media":0,"parent":0,"menu_order":0,"comment_status":"closed","ping_status":"closed","template":"","meta":{"_acf_changed":false,"_joinchat":[],"footnotes":""},"class_list":["post-15758","page","type-page","status-publish","hentry"],"acf":[],"_links":{"self":[{"href":"https:\/\/barhalevy.com\/es\/wp-json\/wp\/v2\/pages\/15758","targetHints":{"allow":["GET"]}}],"collection":[{"href":"https:\/\/barhalevy.com\/es\/wp-json\/wp\/v2\/pages"}],"about":[{"href":"https:\/\/barhalevy.com\/es\/wp-json\/wp\/v2\/types\/page"}],"author":[{"embeddable":true,"href":"https:\/\/barhalevy.com\/es\/wp-json\/wp\/v2\/users\/1"}],"replies":[{"embeddable":true,"href":"https:\/\/barhalevy.com\/es\/wp-json\/wp\/v2\/comments?post=15758"}],"version-history":[{"count":6,"href":"https:\/\/barhalevy.com\/es\/wp-json\/wp\/v2\/pages\/15758\/revisions"}],"predecessor-version":[{"id":18395,"href":"https:\/\/barhalevy.com\/es\/wp-json\/wp\/v2\/pages\/15758\/revisions\/18395"}],"wp:attachment":[{"href":"https:\/\/barhalevy.com\/es\/wp-json\/wp\/v2\/media?parent=15758"}],"curies":[{"name":"wp","href":"https:\/\/api.w.org\/{rel}","templated":true}]}}