{"id":15761,"date":"2025-04-25T13:35:05","date_gmt":"2025-04-25T11:35:05","guid":{"rendered":"https:\/\/barhalevy.com\/cuidado-estructural-2\/"},"modified":"2026-01-25T22:08:28","modified_gmt":"2026-01-25T20:08:28","slug":"visitas-esenciales","status":"publish","type":"page","link":"https:\/\/barhalevy.com\/es\/visitas-esenciales\/","title":{"rendered":"Visitas Quiropr\u00e1cticas Esenciales | Bar Halevy"},"content":{"rendered":"\t\t<div data-elementor-type=\"wp-page\" data-elementor-id=\"15761\" class=\"elementor elementor-15761 elementor-15663\" data-elementor-post-type=\"page\">\n\t\t\t\t<div class=\"elementor-element elementor-element-55b55d8 e-flex e-con-boxed e-con e-parent\" data-id=\"55b55d8\" data-element_type=\"container\" data-e-type=\"container\">\n\t\t\t\t\t<div class=\"e-con-inner\">\n\t\t\t\t<div class=\"elementor-element elementor-element-525b62c elementor-widget elementor-widget-text-editor\" data-id=\"525b62c\" data-element_type=\"widget\" data-e-type=\"widget\" data-widget_type=\"text-editor.default\">\n\t\t\t\t\t\t\t\t\t<p class=\"\" data-start=\"313\" data-end=\"541\">Las visitas Esenciales ofrecen un enfoque <strong><a href=\"https:\/\/barhalevy.com\/es\/quiropractica\/\">quiropr\u00e1ctico<\/a><\/strong> tradicional, con un enfoque espec\u00edfico en la columna vertebral y la pelvis. Las sesiones incluyen una evaluaci\u00f3n f\u00edsica detallada, ajustes articulares precisos y, cuando es necesario, apoyo de tejidos blandos.<\/p><p class=\"\" data-start=\"543\" data-end=\"812\">Este tipo de cuidado es adecuado para quienes experimentan molestias f\u00edsicas leves o buscan un apoyo claro y eficaz para recuperar comodidad y funcionalidad. Tambi\u00e9n es una opci\u00f3n valiosa para mantener la salud de la columna y abordar peque\u00f1as molestias antes de que se conviertan en algo mayor. <\/p><p class=\"\" data-start=\"814\" data-end=\"1308\">Las visitas Esenciales pueden ser un punto de partida ideal para quienes est\u00e1n comenzando a tomar las riendas de su salud. Proporcionan una base pr\u00e1ctica que apoya la capacidad natural del cuerpo para regularse, adaptarse y avanzar hacia un mayor bienestar general. Como este plan suele implicar sesiones m\u00e1s frecuentes en consulta, requiere menos esfuerzo fuera de la cl\u00ednica en comparaci\u00f3n con nuestras otras opciones de atenci\u00f3n\u2014ofreciendo una forma accesible y tranquilizadora de empezar, sin renunciar a los beneficios.  <\/p><p class=\"\" data-start=\"1310\" data-end=\"1653\">Las citas siguen un concepto de sala abierta, donde la atenci\u00f3n se brinda en un espacio compartido con tres mesas de ajuste. Esto crea un entorno eficiente y c\u00f3modo, donde pueden ser atendidas varias personas al mismo tiempo. Las sesiones duran alrededor de 20 minutos y, seg\u00fan las necesidades individuales, se suelen programar entre una y tres veces por semana.  <\/p><p class=\"\" data-start=\"1655\" data-end=\"1807\">A lo largo del proceso, te acompa\u00f1aremos con sugerencias sencillas y pr\u00e1cticas para mejorar tus h\u00e1bitos diarios, siempre basadas en recomendaciones generales de salud.<\/p><footer class=\"elementor elementor-191 elementor-location-footer\" data-elementor-type=\"footer\" data-elementor-id=\"191\" data-elementor-post-type=\"elementor_library\"><section class=\"elementor-section elementor-top-section elementor-element elementor-element-592d3c5 elementor-section-full_width elementor-reverse-tablet elementor-reverse-mobile elementor-section-height-min-height elementor-section-height-default elementor-section-items-middle\" data-id=\"592d3c5\" data-element_type=\"section\"><\/section><\/footer><footer class=\"elementor elementor-191 elementor-location-footer\" data-elementor-type=\"footer\" data-elementor-id=\"191\" data-elementor-post-type=\"elementor_library\"><section class=\"elementor-section elementor-top-section elementor-element elementor-element-592d3c5 elementor-section-full_width elementor-reverse-tablet elementor-reverse-mobile elementor-section-height-min-height elementor-section-height-default elementor-section-items-middle\" data-id=\"592d3c5\" data-element_type=\"section\"><\/section><\/footer>\t\t\t\t\t\t\t\t<\/div>\n\t\t\t\t\t<\/div>\n\t\t\t\t<\/div>\n\t\t<div class=\"elementor-element elementor-element-2069684 e-flex e-con-boxed e-con e-parent\" data-id=\"2069684\" data-element_type=\"container\" data-e-type=\"container\">\n\t\t\t\t\t<div class=\"e-con-inner\">\n\t\t\t\t<div class=\"elementor-element elementor-element-76550c2 elementor-widget elementor-widget-button\" data-id=\"76550c2\" data-element_type=\"widget\" data-e-type=\"widget\" data-widget_type=\"button.default\">\n\t\t\t\t\t\t\t\t\t\t<a class=\"elementor-button elementor-button-link elementor-size-sm\" href=\"https:\/\/olakino.neptune.practicehub.io\/p\/book-online?lid=3&#038;pid=1&#038;atid=1&#038;locale=es\" target=\"_blank\" rel=\"noopener\">\n\t\t\t\t\t\t<span class=\"elementor-button-content-wrapper\">\n\t\t\t\t\t\t\t\t\t<span class=\"elementor-button-text\">RESERVA AQU\u00cd<\/span>\n\t\t\t\t\t<\/span>\n\t\t\t\t\t<\/a>\n\t\t\t\t\t\t\t\t<\/div>\n\t\t\t\t<div class=\"elementor-element elementor-element-cd37e67 elementor-widget elementor-widget-button\" data-id=\"cd37e67\" data-element_type=\"widget\" data-e-type=\"widget\" data-widget_type=\"button.default\">\n\t\t\t\t\t\t\t\t\t\t<a class=\"elementor-button elementor-button-link elementor-size-sm\" href=\"https:\/\/barhalevy.com\/es\/la-primera-visita\/\">\n\t\t\t\t\t\t<span class=\"elementor-button-content-wrapper\">\n\t\t\t\t\t\t\t\t\t<span class=\"elementor-button-text\">\u00bfNUEVO PACIENTE? <b>RESERVA TU PRIMERA VISITA<\/b><\/span>\n\t\t\t\t\t<\/span>\n\t\t\t\t\t<\/a>\n\t\t\t\t\t\t\t\t<\/div>\n\t\t\t\t\t<\/div>\n\t\t\t\t<\/div>\n\t\t\t\t<\/div>\n\t\t","protected":false},"excerpt":{"rendered":"<p>Las visitas Esenciales ofrecen un enfoque quiropr\u00e1ctico tradicional, con un enfoque espec\u00edfico en la columna vertebral y la pelvis. Las sesiones incluyen una evaluaci\u00f3n f\u00edsica detallada, ajustes articulares precisos y, cuando es necesario, apoyo de tejidos blandos. Este tipo de cuidado es adecuado para quienes experimentan molestias f\u00edsicas leves o buscan un apoyo claro y [&hellip;]<\/p>\n","protected":false},"author":1,"featured_media":14480,"parent":0,"menu_order":0,"comment_status":"closed","ping_status":"closed","template":"","meta":{"_acf_changed":false,"_joinchat":[],"footnotes":""},"class_list":["post-15761","page","type-page","status-publish","has-post-thumbnail","hentry"],"acf":[],"_links":{"self":[{"href":"https:\/\/barhalevy.com\/es\/wp-json\/wp\/v2\/pages\/15761","targetHints":{"allow":["GET"]}}],"collection":[{"href":"https:\/\/barhalevy.com\/es\/wp-json\/wp\/v2\/pages"}],"about":[{"href":"https:\/\/barhalevy.com\/es\/wp-json\/wp\/v2\/types\/page"}],"author":[{"embeddable":true,"href":"https:\/\/barhalevy.com\/es\/wp-json\/wp\/v2\/users\/1"}],"replies":[{"embeddable":true,"href":"https:\/\/barhalevy.com\/es\/wp-json\/wp\/v2\/comments?post=15761"}],"version-history":[{"count":6,"href":"https:\/\/barhalevy.com\/es\/wp-json\/wp\/v2\/pages\/15761\/revisions"}],"predecessor-version":[{"id":18398,"href":"https:\/\/barhalevy.com\/es\/wp-json\/wp\/v2\/pages\/15761\/revisions\/18398"}],"wp:featuredmedia":[{"embeddable":true,"href":"https:\/\/barhalevy.com\/es\/wp-json\/wp\/v2\/media\/14480"}],"wp:attachment":[{"href":"https:\/\/barhalevy.com\/es\/wp-json\/wp\/v2\/media?parent=15761"}],"curies":[{"name":"wp","href":"https:\/\/api.w.org\/{rel}","templated":true}]}}