{"id":15796,"date":"2025-04-26T00:26:17","date_gmt":"2025-04-25T22:26:17","guid":{"rendered":"https:\/\/barhalevy.com\/la-primera-visita\/"},"modified":"2026-02-07T14:43:13","modified_gmt":"2026-02-07T12:43:13","slug":"la-primera-visita","status":"publish","type":"page","link":"https:\/\/barhalevy.com\/es\/la-primera-visita\/","title":{"rendered":"Tu Primera Visita Quiropr\u00e1ctica | Bar Halevy"},"content":{"rendered":"\t\t<div data-elementor-type=\"wp-page\" data-elementor-id=\"15796\" class=\"elementor elementor-15796 elementor-15791\" data-elementor-post-type=\"page\">\n\t\t\t\t<div class=\"elementor-element elementor-element-77594f2 e-flex e-con-boxed e-con e-parent\" data-id=\"77594f2\" data-element_type=\"container\" data-e-type=\"container\">\n\t\t\t\t\t<div class=\"e-con-inner\">\n\t\t\t\t<div class=\"elementor-element elementor-element-7320228 elementor-widget elementor-widget-text-editor\" data-id=\"7320228\" data-element_type=\"widget\" data-e-type=\"widget\" data-widget_type=\"text-editor.default\">\n\t\t\t\t\t\t\t\t\t<p class=\"\" data-start=\"188\" data-end=\"370\">Para tu primera visita, te agradecer\u00edamos que trajeras todos los informes m\u00e9dicos que tengas a mano, im\u00e1genes y anal\u00edticas relevantes de proveedores sanitarios anteriores o actuales.<\/p><p class=\"\" data-start=\"372\" data-end=\"756\">La primera visita comienza con una revisi\u00f3n detallada del formulario de historial de salud que habr\u00e1s completado antes de la cita. Esto nos permite explorar tu estado actual, tus dolencias pasadas y presentes, tu estilo de vida, factores psicosociales, antecedentes familiares y cualquier otra informaci\u00f3n de salud relevante. Esta visi\u00f3n global es un punto de partida fundamental que nos orienta para identificar las \u00e1reas de mayor importancia.  <\/p><p class=\"\" data-start=\"758\" data-end=\"996\">A continuaci\u00f3n realizamos una exploraci\u00f3n f\u00edsica para valorar posibles limitaciones, molestias o alteraciones. Durante el proceso, vamos comentando contigo lo que encontramos, se\u00f1alando patrones, disfunciones o aspectos que requieren atenci\u00f3n. <\/p><p class=\"\" data-start=\"998\" data-end=\"1320\">El tratamiento quiropr\u00e1ctico comienza durante esta visita, con un enfoque espec\u00edfico adaptado a tu molestia\/preocupaci\u00f3n principal. Dentro del tiempo disponible, procuramos integrar elementos de los distintos tipos de visita \u2014Esencial, de Equilibrio y Completa\u2014 para que puedas experimentar c\u00f3mo trabajamos y las diferentes intervenciones que podemos emplear en el futuro. <\/p><p class=\"\" data-start=\"1322\" data-end=\"1677\">Despu\u00e9s del tratamiento, dedicamos un momento a resumir lo realizado, hablar m\u00e1s a fondo sobre tu situaci\u00f3n y revisar las opciones de cuidado disponibles. Juntos decidimos el enfoque m\u00e1s adecuado para ti, adaptado a tus necesidades y objetivos, con el prop\u00f3sito de alcanzar los mejores resultados posibles en el menor tiempo razonable. <\/p><p><span style=\"text-decoration: underline;\"><strong>Valoraci\u00f3n Est\u00e1ndar (30 minutos)<\/strong><\/span><\/p><p>La Valoraci\u00f3n Est\u00e1ndar est\u00e1 recomendada para personas que desean iniciar un proceso de cuidado dentro de nuestros enfoques Essential o Balance. Es adecuada para casos m\u00e1s directos, especialmente relacionados con la columna, la postura, el movimiento o lesiones recientes. Permite el tiempo necesario para comprender el motivo principal de consulta, valorar las \u00e1reas clave, comenzar el cuidado manual y definir los siguientes pasos.  <\/p><p><span style=\"text-decoration: underline;\"><strong>Valoraci\u00f3n Extendida (60 minutos)<\/strong><\/span><\/p><p>La Valoraci\u00f3n Extendida est\u00e1 pensada para personas con situaciones m\u00e1s complejas o de larga evoluci\u00f3n, o para quienes sienten que necesitan m\u00e1s tiempo durante la primera visita. Es especialmente adecuada cuando el caso va m\u00e1s all\u00e1 de la columna e involucra aspectos digestivos, hormonales, inmunol\u00f3gicos u otros factores sist\u00e9micos, o cuando existen m\u00faltiples \u00e1reas a explorar. Este formato permite una valoraci\u00f3n m\u00e1s profunda y una comprensi\u00f3n m\u00e1s amplia del estado de salud antes de definir el enfoque de cuidado m\u00e1s adecuado  <\/p>\t\t\t\t\t\t\t\t<\/div>\n\t\t\t\t\t<\/div>\n\t\t\t\t<\/div>\n\t\t<div class=\"elementor-element elementor-element-5be799b e-flex e-con-boxed e-con e-parent\" data-id=\"5be799b\" data-element_type=\"container\" data-e-type=\"container\">\n\t\t\t\t\t<div class=\"e-con-inner\">\n\t\t\t\t<div class=\"elementor-element elementor-element-f1d49dc elementor-widget elementor-widget-button\" data-id=\"f1d49dc\" data-element_type=\"widget\" data-e-type=\"widget\" data-widget_type=\"button.default\">\n\t\t\t\t\t\t\t\t\t\t<a class=\"elementor-button elementor-button-link elementor-size-sm\" href=\"https:\/\/olakino.neptune.practicehub.io\/p\/book-online?lid=3&#038;atid=10&#038;locale=es&#038;pid=1\" id=\"fvoo\" target=\"_blank\" rel=\"noopener\">\n\t\t\t\t\t\t<span class=\"elementor-button-content-wrapper\">\n\t\t\t\t\t\t\t\t\t<span class=\"elementor-button-text\">RESERVA <b>EST\u00c1NDAR<\/b><\/span>\n\t\t\t\t\t<\/span>\n\t\t\t\t\t<\/a>\n\t\t\t\t\t\t\t\t<\/div>\n\t\t\t\t<div class=\"elementor-element elementor-element-b025a9d elementor-widget elementor-widget-button\" data-id=\"b025a9d\" data-element_type=\"widget\" data-e-type=\"widget\" data-widget_type=\"button.default\">\n\t\t\t\t\t\t\t\t\t\t<a class=\"elementor-button elementor-button-link elementor-size-sm\" href=\"https:\/\/olakino.neptune.practicehub.io\/p\/book-online?lid=3&#038;atid=12&#038;locale=es&#038;pid=1\" id=\"fvoo\" target=\"_blank\" rel=\"noopener\">\n\t\t\t\t\t\t<span class=\"elementor-button-content-wrapper\">\n\t\t\t\t\t\t\t\t\t<span class=\"elementor-button-text\">RESERVA <b>EXTENDIDA<\/b><\/span>\n\t\t\t\t\t<\/span>\n\t\t\t\t\t<\/a>\n\t\t\t\t\t\t\t\t<\/div>\n\t\t\t\t\t<\/div>\n\t\t\t\t<\/div>\n\t\t\t\t<\/div>\n\t\t","protected":false},"excerpt":{"rendered":"<p>Para tu primera visita, te agradecer\u00edamos que trajeras todos los informes m\u00e9dicos que tengas a mano, im\u00e1genes y anal\u00edticas relevantes de proveedores sanitarios anteriores o actuales. La primera visita comienza con una revisi\u00f3n detallada del formulario de historial de salud que habr\u00e1s completado antes de la cita. Esto nos permite explorar tu estado actual, tus [&hellip;]<\/p>\n","protected":false},"author":1,"featured_media":0,"parent":0,"menu_order":0,"comment_status":"closed","ping_status":"closed","template":"","meta":{"_acf_changed":false,"_joinchat":[],"footnotes":""},"class_list":["post-15796","page","type-page","status-publish","hentry"],"acf":[],"_links":{"self":[{"href":"https:\/\/barhalevy.com\/es\/wp-json\/wp\/v2\/pages\/15796","targetHints":{"allow":["GET"]}}],"collection":[{"href":"https:\/\/barhalevy.com\/es\/wp-json\/wp\/v2\/pages"}],"about":[{"href":"https:\/\/barhalevy.com\/es\/wp-json\/wp\/v2\/types\/page"}],"author":[{"embeddable":true,"href":"https:\/\/barhalevy.com\/es\/wp-json\/wp\/v2\/users\/1"}],"replies":[{"embeddable":true,"href":"https:\/\/barhalevy.com\/es\/wp-json\/wp\/v2\/comments?post=15796"}],"version-history":[{"count":21,"href":"https:\/\/barhalevy.com\/es\/wp-json\/wp\/v2\/pages\/15796\/revisions"}],"predecessor-version":[{"id":18422,"href":"https:\/\/barhalevy.com\/es\/wp-json\/wp\/v2\/pages\/15796\/revisions\/18422"}],"wp:attachment":[{"href":"https:\/\/barhalevy.com\/es\/wp-json\/wp\/v2\/media?parent=15796"}],"curies":[{"name":"wp","href":"https:\/\/api.w.org\/{rel}","templated":true}]}}